{"id":299,"date":"2025-06-24T21:42:47","date_gmt":"2025-06-24T21:42:47","guid":{"rendered":"https:\/\/ligadonanet.com.br\/tucuruvipedras\/?page_id=299"},"modified":"2025-06-30T13:46:43","modified_gmt":"2025-06-30T13:46:43","slug":"projetos","status":"publish","type":"page","link":"https:\/\/tucuruvipedras.com.br\/index.php\/projetos\/","title":{"rendered":"Projetos"},"content":{"rendered":"\t\t<div data-elementor-type=\"wp-page\" data-elementor-id=\"299\" class=\"elementor elementor-299\" data-elementor-post-type=\"page\">\n\t\t\t\t\t\t<section class=\"elementor-section elementor-top-section elementor-element elementor-element-3967a697 elementor-section-boxed elementor-section-height-default elementor-section-height-default wpr-particle-no wpr-jarallax-no wpr-parallax-no wpr-sticky-section-no\" data-id=\"3967a697\" data-element_type=\"section\" data-settings=\"{&quot;background_background&quot;:&quot;classic&quot;,&quot;background_motion_fx_motion_fx_scrolling&quot;:&quot;yes&quot;,&quot;background_motion_fx_translateX_effect&quot;:&quot;yes&quot;,&quot;background_motion_fx_translateX_speed&quot;:{&quot;unit&quot;:&quot;px&quot;,&quot;size&quot;:2,&quot;sizes&quot;:[]},&quot;background_motion_fx_devices&quot;:[&quot;desktop&quot;,&quot;tablet&quot;],&quot;background_motion_fx_translateX_affectedRange&quot;:{&quot;unit&quot;:&quot;%&quot;,&quot;size&quot;:&quot;&quot;,&quot;sizes&quot;:{&quot;start&quot;:0,&quot;end&quot;:100}},&quot;mdp_selection_sticky_effect_enable&quot;:false}\">\n\t\t\t\t\t\t\t<div class=\"elementor-background-overlay\"><\/div>\n\t\t\t\t\t\t\t<div class=\"elementor-container elementor-column-gap-default\">\n\t\t\t\t\t<div class=\"elementor-column elementor-col-100 elementor-top-column elementor-element elementor-element-3ba019b8\" data-id=\"3ba019b8\" data-element_type=\"column\" data-settings=\"{&quot;mdp_selection_sticky_column_effect_enable&quot;:false}\">\n\t\t\t<div class=\"elementor-widget-wrap elementor-element-populated\">\n\t\t\t\t\t\t<div class=\"elementor-element elementor-element-7a4e799 elementor-invisible elementor-widget elementor-widget-heading\" data-id=\"7a4e799\" data-element_type=\"widget\" data-settings=\"{&quot;_animation&quot;:&quot;fadeInDown&quot;}\" data-widget_type=\"heading.default\">\n\t\t\t\t<div class=\"elementor-widget-container\">\n\t\t\t\t\t<h1 class=\"elementor-heading-title elementor-size-default\">Projetos<\/h1>\t\t\t\t<\/div>\n\t\t\t\t<\/div>\n\t\t\t\t\t<\/div>\n\t\t<\/div>\n\t\t\t\t\t<\/div>\n\t\t<\/section>\n\t\t\t\t<section class=\"elementor-section elementor-top-section elementor-element elementor-element-63696d0 elementor-section-boxed elementor-section-height-default elementor-section-height-default wpr-particle-no wpr-jarallax-no wpr-parallax-no wpr-sticky-section-no\" data-id=\"63696d0\" data-element_type=\"section\" data-settings=\"{&quot;mdp_selection_sticky_effect_enable&quot;:false}\">\n\t\t\t\t\t\t<div class=\"elementor-container elementor-column-gap-default\">\n\t\t\t\t\t<div class=\"elementor-column elementor-col-66 elementor-top-column elementor-element elementor-element-4c76f5d elementor-hidden-phone\" data-id=\"4c76f5d\" data-element_type=\"column\" data-settings=\"{&quot;mdp_selection_sticky_column_effect_enable&quot;:false}\">\n\t\t\t<div class=\"elementor-widget-wrap\">\n\t\t\t\t\t\t\t<\/div>\n\t\t<\/div>\n\t\t\t\t<div class=\"elementor-column elementor-col-33 elementor-top-column elementor-element elementor-element-5da974e elementor-invisible\" data-id=\"5da974e\" data-element_type=\"column\" data-settings=\"{&quot;background_background&quot;:&quot;classic&quot;,&quot;animation&quot;:&quot;fadeInUp&quot;,&quot;mdp_selection_sticky_column_effect_enable&quot;:false}\">\n\t\t\t<div class=\"elementor-widget-wrap elementor-element-populated\">\n\t\t\t\t\t\t<div class=\"elementor-element elementor-element-faff23d elementor-widget elementor-widget-heading\" data-id=\"faff23d\" data-element_type=\"widget\" data-widget_type=\"heading.default\">\n\t\t\t\t<div class=\"elementor-widget-container\">\n\t\t\t\t\t<span class=\"elementor-heading-title elementor-size-default\">Entre em contato<\/span>\t\t\t\t<\/div>\n\t\t\t\t<\/div>\n\t\t\t\t<div class=\"elementor-element elementor-element-c52118c elementor-widget elementor-widget-heading\" data-id=\"c52118c\" data-element_type=\"widget\" data-widget_type=\"heading.default\">\n\t\t\t\t<div class=\"elementor-widget-container\">\n\t\t\t\t\t<h4 class=\"elementor-heading-title elementor-size-default\"><a href=\"https:\/\/wa.me\/5511940086210\">(11) 94008-6210<\/a><\/h4>\t\t\t\t<\/div>\n\t\t\t\t<\/div>\n\t\t\t\t\t<\/div>\n\t\t<\/div>\n\t\t\t\t\t<\/div>\n\t\t<\/section>\n\t\t\t\t<section class=\"elementor-section elementor-top-section elementor-element elementor-element-5e3ff6e4 elementor-section-boxed elementor-section-height-default elementor-section-height-default wpr-particle-no wpr-jarallax-no wpr-parallax-no wpr-sticky-section-no\" data-id=\"5e3ff6e4\" data-element_type=\"section\" data-settings=\"{&quot;mdp_selection_sticky_effect_enable&quot;:false}\">\n\t\t\t\t\t\t<div class=\"elementor-container elementor-column-gap-default\">\n\t\t\t\t\t<div class=\"elementor-column elementor-col-100 elementor-top-column elementor-element elementor-element-5416e403\" data-id=\"5416e403\" data-element_type=\"column\" data-settings=\"{&quot;mdp_selection_sticky_column_effect_enable&quot;:false}\">\n\t\t\t<div class=\"elementor-widget-wrap elementor-element-populated\">\n\t\t\t\t\t\t<div class=\"elementor-element elementor-element-5727871f elementor-gallery--filter-align-left elementor-widget elementor-widget-gallery\" data-id=\"5727871f\" data-element_type=\"widget\" data-settings=\"{&quot;gap&quot;:{&quot;unit&quot;:&quot;px&quot;,&quot;size&quot;:20,&quot;sizes&quot;:[]},&quot;overlay_title&quot;:&quot;title&quot;,&quot;overlay_description&quot;:&quot;description&quot;,&quot;background_overlay_hover_animation&quot;:&quot;fade-in&quot;,&quot;content_sequenced_animation&quot;:&quot;yes&quot;,&quot;image_hover_animation&quot;:&quot;move-contained-top&quot;,&quot;columns&quot;:3,&quot;gallery_layout&quot;:&quot;masonry&quot;,&quot;lazyload&quot;:&quot;yes&quot;,&quot;columns_tablet&quot;:2,&quot;columns_mobile&quot;:1,&quot;gap_tablet&quot;:{&quot;unit&quot;:&quot;px&quot;,&quot;size&quot;:10,&quot;sizes&quot;:[]},&quot;gap_mobile&quot;:{&quot;unit&quot;:&quot;px&quot;,&quot;size&quot;:10,&quot;sizes&quot;:[]},&quot;link_to&quot;:&quot;file&quot;,&quot;show_all_galleries&quot;:&quot;yes&quot;,&quot;overlay_background&quot;:&quot;yes&quot;,&quot;content_hover_animation&quot;:&quot;fade-in&quot;}\" data-widget_type=\"gallery.default\">\n\t\t\t\t<div class=\"elementor-widget-container\">\n\t\t\t\t\t\t\t\t<div class=\"elementor-gallery__titles-container e--pointer-underline e--animation-fade\" aria-label=\"Gallery filter\">\n\t\t\t\t\t\t\t\t\t<a class=\"elementor-item elementor-gallery-title\" role=\"button\" tabindex=\"0\" data-gallery-index=\"all\">\n\t\t\t\t\t\tTodos\t\t\t\t\t<\/a>\n\t\t\t\t\n\t\t\t\t\t\t\t\t\t<a class=\"elementor-item elementor-gallery-title\" role=\"button\" tabindex=\"0\" data-gallery-index=\"0\">\n\t\t\t\t\t\tProjeto Verona\t\t\t\t\t<\/a>\n\t\t\t\t\t\t\t\t\t\t<a class=\"elementor-item elementor-gallery-title\" role=\"button\" tabindex=\"0\" data-gallery-index=\"1\">\n\t\t\t\t\t\tCole\u00e7\u00e3o Toscana\t\t\t\t\t<\/a>\n\t\t\t\t\t\t\t\t\t\t<a class=\"elementor-item elementor-gallery-title\" role=\"button\" tabindex=\"0\" data-gallery-index=\"2\">\n\t\t\t\t\t\tResid\u00eancia Olimpo\t\t\t\t\t<\/a>\n\t\t\t\t\t\t\t\t\t\t<a class=\"elementor-item elementor-gallery-title\" role=\"button\" tabindex=\"0\" data-gallery-index=\"3\">\n\t\t\t\t\t\tLinha Imperial\t\t\t\t\t<\/a>\n\t\t\t\t\t\t\t\t<\/div>\n\t\t\t\t\t<div class=\"elementor-gallery__container\">\n\t\t\t\t\t\t\t<a class=\"e-gallery-item elementor-gallery-item elementor-animated-content\" data-e-gallery-tags=\"0\" href=\"https:\/\/tucuruvipedras.com.br\/wp-content\/uploads\/2025\/06\/Marmore-Amarillo-Mares.jpg\" data-elementor-open-lightbox=\"yes\" data-elementor-lightbox-slideshow=\"5727871f\" data-elementor-lightbox-title=\"M\u00e1rmore Amarillo Mares\" data-e-action-hash=\"#elementor-action%3Aaction%3Dlightbox%26settings%3DeyJpZCI6NTI5LCJ1cmwiOiJodHRwczpcL1wvdHVjdXJ1dmlwZWRyYXMuY29tLmJyXC93cC1jb250ZW50XC91cGxvYWRzXC8yMDI1XC8wNlwvTWFybW9yZS1BbWFyaWxsby1NYXJlcy5qcGciLCJzbGlkZXNob3ciOiI1NzI3ODcxZiJ9\">\n\t\t\t\t\t<div class=\"e-gallery-image elementor-gallery-item__image\" data-thumbnail=\"https:\/\/tucuruvipedras.com.br\/wp-content\/uploads\/2025\/06\/Marmore-Amarillo-Mares.jpg\" data-width=\"600\" data-height=\"380\" aria-label=\"\" role=\"img\" ><\/div>\n\t\t\t\t\t\t\t\t\t\t\t<div class=\"elementor-gallery-item__overlay\"><\/div>\n\t\t\t\t\t\t\t\t\t\t\t\t\t\t\t<div class=\"elementor-gallery-item__content\">\n\t\t\t\t\t\t\t\t\t\t\t\t\t\t<div class=\"elementor-gallery-item__title\">\n\t\t\t\t\t\t\t\t\t\t\t\t\t\t\t\t\t\tM\u00e1rmore Amarillo Mares\t\t\t\t\t\t\t\t<\/div>\n\t\t\t\t\t\t\t\t\t\t\t\t<\/div>\n\t\t\t\t\t\t\t\t\t<\/a>\n\t\t\t\t\t\t\t<a class=\"e-gallery-item elementor-gallery-item elementor-animated-content\" data-e-gallery-tags=\"0\" href=\"https:\/\/tucuruvipedras.com.br\/wp-content\/uploads\/2025\/06\/Marmore-Coralito.jpg\" data-elementor-open-lightbox=\"yes\" data-elementor-lightbox-slideshow=\"5727871f\" data-elementor-lightbox-title=\"M\u00e1rmore Coralito\" data-e-action-hash=\"#elementor-action%3Aaction%3Dlightbox%26settings%3DeyJpZCI6NTMwLCJ1cmwiOiJodHRwczpcL1wvdHVjdXJ1dmlwZWRyYXMuY29tLmJyXC93cC1jb250ZW50XC91cGxvYWRzXC8yMDI1XC8wNlwvTWFybW9yZS1Db3JhbGl0by5qcGciLCJzbGlkZXNob3ciOiI1NzI3ODcxZiJ9\">\n\t\t\t\t\t<div class=\"e-gallery-image elementor-gallery-item__image\" data-thumbnail=\"https:\/\/tucuruvipedras.com.br\/wp-content\/uploads\/2025\/06\/Marmore-Coralito.jpg\" data-width=\"600\" data-height=\"380\" aria-label=\"\" role=\"img\" ><\/div>\n\t\t\t\t\t\t\t\t\t\t\t<div class=\"elementor-gallery-item__overlay\"><\/div>\n\t\t\t\t\t\t\t\t\t\t\t\t\t\t\t<div class=\"elementor-gallery-item__content\">\n\t\t\t\t\t\t\t\t\t\t\t\t\t\t<div class=\"elementor-gallery-item__title\">\n\t\t\t\t\t\t\t\t\t\t\t\t\t\t\t\t\t\tM\u00e1rmore Coralito\t\t\t\t\t\t\t\t<\/div>\n\t\t\t\t\t\t\t\t\t\t\t\t<\/div>\n\t\t\t\t\t\t\t\t\t<\/a>\n\t\t\t\t\t\t\t<a class=\"e-gallery-item elementor-gallery-item elementor-animated-content\" data-e-gallery-tags=\"0\" href=\"https:\/\/tucuruvipedras.com.br\/wp-content\/uploads\/2025\/06\/Marmore-Crema-Valencia.jpg\" data-elementor-open-lightbox=\"yes\" data-elementor-lightbox-slideshow=\"5727871f\" data-elementor-lightbox-title=\"M\u00e1rmore Crema Val\u00eancia\" data-e-action-hash=\"#elementor-action%3Aaction%3Dlightbox%26settings%3DeyJpZCI6NTMxLCJ1cmwiOiJodHRwczpcL1wvdHVjdXJ1dmlwZWRyYXMuY29tLmJyXC93cC1jb250ZW50XC91cGxvYWRzXC8yMDI1XC8wNlwvTWFybW9yZS1DcmVtYS1WYWxlbmNpYS5qcGciLCJzbGlkZXNob3ciOiI1NzI3ODcxZiJ9\">\n\t\t\t\t\t<div class=\"e-gallery-image elementor-gallery-item__image\" data-thumbnail=\"https:\/\/tucuruvipedras.com.br\/wp-content\/uploads\/2025\/06\/Marmore-Crema-Valencia.jpg\" data-width=\"600\" data-height=\"380\" aria-label=\"\" role=\"img\" ><\/div>\n\t\t\t\t\t\t\t\t\t\t\t<div class=\"elementor-gallery-item__overlay\"><\/div>\n\t\t\t\t\t\t\t\t\t\t\t\t\t\t\t<div class=\"elementor-gallery-item__content\">\n\t\t\t\t\t\t\t\t\t\t\t\t\t\t<div class=\"elementor-gallery-item__title\">\n\t\t\t\t\t\t\t\t\t\t\t\t\t\t\t\t\t\tM\u00e1rmore Crema Val\u00eancia\t\t\t\t\t\t\t\t<\/div>\n\t\t\t\t\t\t\t\t\t\t\t\t<\/div>\n\t\t\t\t\t\t\t\t\t<\/a>\n\t\t\t\t\t\t\t<a class=\"e-gallery-item elementor-gallery-item elementor-animated-content\" data-e-gallery-tags=\"1\" href=\"https:\/\/tucuruvipedras.com.br\/wp-content\/uploads\/2025\/06\/Marmore-Fendi-Macchiaro.jpg\" data-elementor-open-lightbox=\"yes\" data-elementor-lightbox-slideshow=\"5727871f\" data-elementor-lightbox-title=\"M\u00e1rmore Fendi Macchiaro\" data-e-action-hash=\"#elementor-action%3Aaction%3Dlightbox%26settings%3DeyJpZCI6NTMyLCJ1cmwiOiJodHRwczpcL1wvdHVjdXJ1dmlwZWRyYXMuY29tLmJyXC93cC1jb250ZW50XC91cGxvYWRzXC8yMDI1XC8wNlwvTWFybW9yZS1GZW5kaS1NYWNjaGlhcm8uanBnIiwic2xpZGVzaG93IjoiNTcyNzg3MWYifQ%3D%3D\">\n\t\t\t\t\t<div class=\"e-gallery-image elementor-gallery-item__image\" data-thumbnail=\"https:\/\/tucuruvipedras.com.br\/wp-content\/uploads\/2025\/06\/Marmore-Fendi-Macchiaro.jpg\" data-width=\"600\" data-height=\"380\" aria-label=\"\" role=\"img\" ><\/div>\n\t\t\t\t\t\t\t\t\t\t\t<div class=\"elementor-gallery-item__overlay\"><\/div>\n\t\t\t\t\t\t\t\t\t\t\t\t\t\t\t<div class=\"elementor-gallery-item__content\">\n\t\t\t\t\t\t\t\t\t\t\t\t\t\t<div class=\"elementor-gallery-item__title\">\n\t\t\t\t\t\t\t\t\t\t\t\t\t\t\t\t\t\tM\u00e1rmore Fendi Macchiaro\t\t\t\t\t\t\t\t<\/div>\n\t\t\t\t\t\t\t\t\t\t\t\t<\/div>\n\t\t\t\t\t\t\t\t\t<\/a>\n\t\t\t\t\t\t\t<a class=\"e-gallery-item elementor-gallery-item elementor-animated-content\" data-e-gallery-tags=\"1\" href=\"https:\/\/tucuruvipedras.com.br\/wp-content\/uploads\/2025\/06\/Marmore-Giallo-Siena.jpg\" data-elementor-open-lightbox=\"yes\" data-elementor-lightbox-slideshow=\"5727871f\" data-elementor-lightbox-title=\"M\u00e1rmore Giallo Siena\" data-e-action-hash=\"#elementor-action%3Aaction%3Dlightbox%26settings%3DeyJpZCI6NTMzLCJ1cmwiOiJodHRwczpcL1wvdHVjdXJ1dmlwZWRyYXMuY29tLmJyXC93cC1jb250ZW50XC91cGxvYWRzXC8yMDI1XC8wNlwvTWFybW9yZS1HaWFsbG8tU2llbmEuanBnIiwic2xpZGVzaG93IjoiNTcyNzg3MWYifQ%3D%3D\">\n\t\t\t\t\t<div class=\"e-gallery-image elementor-gallery-item__image\" data-thumbnail=\"https:\/\/tucuruvipedras.com.br\/wp-content\/uploads\/2025\/06\/Marmore-Giallo-Siena.jpg\" data-width=\"600\" data-height=\"380\" aria-label=\"\" role=\"img\" ><\/div>\n\t\t\t\t\t\t\t\t\t\t\t<div class=\"elementor-gallery-item__overlay\"><\/div>\n\t\t\t\t\t\t\t\t\t\t\t\t\t\t\t<div class=\"elementor-gallery-item__content\">\n\t\t\t\t\t\t\t\t\t\t\t\t\t\t<div class=\"elementor-gallery-item__title\">\n\t\t\t\t\t\t\t\t\t\t\t\t\t\t\t\t\t\tM\u00e1rmore Giallo Siena\t\t\t\t\t\t\t\t<\/div>\n\t\t\t\t\t\t\t\t\t\t\t\t<\/div>\n\t\t\t\t\t\t\t\t\t<\/a>\n\t\t\t\t\t\t\t<a class=\"e-gallery-item elementor-gallery-item elementor-animated-content\" data-e-gallery-tags=\"1\" href=\"https:\/\/tucuruvipedras.com.br\/wp-content\/uploads\/2025\/06\/Marmore-Green-Lepanto.jpg\" data-elementor-open-lightbox=\"yes\" data-elementor-lightbox-slideshow=\"5727871f\" data-elementor-lightbox-title=\"M\u00e1rmore Green Lepanto\" data-e-action-hash=\"#elementor-action%3Aaction%3Dlightbox%26settings%3DeyJpZCI6NTM0LCJ1cmwiOiJodHRwczpcL1wvdHVjdXJ1dmlwZWRyYXMuY29tLmJyXC93cC1jb250ZW50XC91cGxvYWRzXC8yMDI1XC8wNlwvTWFybW9yZS1HcmVlbi1MZXBhbnRvLmpwZyIsInNsaWRlc2hvdyI6IjU3Mjc4NzFmIn0%3D\">\n\t\t\t\t\t<div class=\"e-gallery-image elementor-gallery-item__image\" data-thumbnail=\"https:\/\/tucuruvipedras.com.br\/wp-content\/uploads\/2025\/06\/Marmore-Green-Lepanto.jpg\" data-width=\"600\" data-height=\"380\" aria-label=\"\" role=\"img\" ><\/div>\n\t\t\t\t\t\t\t\t\t\t\t<div class=\"elementor-gallery-item__overlay\"><\/div>\n\t\t\t\t\t\t\t\t\t\t\t\t\t\t\t<div class=\"elementor-gallery-item__content\">\n\t\t\t\t\t\t\t\t\t\t\t\t\t\t<div class=\"elementor-gallery-item__title\">\n\t\t\t\t\t\t\t\t\t\t\t\t\t\t\t\t\t\tM\u00e1rmore Green Lepanto\t\t\t\t\t\t\t\t<\/div>\n\t\t\t\t\t\t\t\t\t\t\t\t<\/div>\n\t\t\t\t\t\t\t\t\t<\/a>\n\t\t\t\t\t\t\t<a class=\"e-gallery-item elementor-gallery-item elementor-animated-content\" data-e-gallery-tags=\"2\" href=\"https:\/\/tucuruvipedras.com.br\/wp-content\/uploads\/2025\/06\/Marmore-Marrom-Imperial-Light.jpg\" data-elementor-open-lightbox=\"yes\" data-elementor-lightbox-slideshow=\"5727871f\" data-elementor-lightbox-title=\"M\u00e1rmore Marrom Imperial Light\" data-e-action-hash=\"#elementor-action%3Aaction%3Dlightbox%26settings%3DeyJpZCI6NTM1LCJ1cmwiOiJodHRwczpcL1wvdHVjdXJ1dmlwZWRyYXMuY29tLmJyXC93cC1jb250ZW50XC91cGxvYWRzXC8yMDI1XC8wNlwvTWFybW9yZS1NYXJyb20tSW1wZXJpYWwtTGlnaHQuanBnIiwic2xpZGVzaG93IjoiNTcyNzg3MWYifQ%3D%3D\">\n\t\t\t\t\t<div class=\"e-gallery-image elementor-gallery-item__image\" data-thumbnail=\"https:\/\/tucuruvipedras.com.br\/wp-content\/uploads\/2025\/06\/Marmore-Marrom-Imperial-Light.jpg\" data-width=\"600\" data-height=\"380\" aria-label=\"\" role=\"img\" ><\/div>\n\t\t\t\t\t\t\t\t\t\t\t<div class=\"elementor-gallery-item__overlay\"><\/div>\n\t\t\t\t\t\t\t\t\t\t\t\t\t\t\t<div class=\"elementor-gallery-item__content\">\n\t\t\t\t\t\t\t\t\t\t\t\t\t\t<div class=\"elementor-gallery-item__title\">\n\t\t\t\t\t\t\t\t\t\t\t\t\t\t\t\t\t\tM\u00e1rmore Marrom Imperial Light\t\t\t\t\t\t\t\t<\/div>\n\t\t\t\t\t\t\t\t\t\t\t\t<\/div>\n\t\t\t\t\t\t\t\t\t<\/a>\n\t\t\t\t\t\t\t<a class=\"e-gallery-item elementor-gallery-item elementor-animated-content\" data-e-gallery-tags=\"2\" href=\"https:\/\/tucuruvipedras.com.br\/wp-content\/uploads\/2025\/06\/Marmore-Rosa-Valencia.jpg\" data-elementor-open-lightbox=\"yes\" data-elementor-lightbox-slideshow=\"5727871f\" data-elementor-lightbox-title=\"M\u00e1rmore Rosa Val\u00eancia\" data-e-action-hash=\"#elementor-action%3Aaction%3Dlightbox%26settings%3DeyJpZCI6NTM2LCJ1cmwiOiJodHRwczpcL1wvdHVjdXJ1dmlwZWRyYXMuY29tLmJyXC93cC1jb250ZW50XC91cGxvYWRzXC8yMDI1XC8wNlwvTWFybW9yZS1Sb3NhLVZhbGVuY2lhLmpwZyIsInNsaWRlc2hvdyI6IjU3Mjc4NzFmIn0%3D\">\n\t\t\t\t\t<div class=\"e-gallery-image elementor-gallery-item__image\" data-thumbnail=\"https:\/\/tucuruvipedras.com.br\/wp-content\/uploads\/2025\/06\/Marmore-Rosa-Valencia.jpg\" data-width=\"600\" data-height=\"380\" aria-label=\"\" role=\"img\" ><\/div>\n\t\t\t\t\t\t\t\t\t\t\t<div class=\"elementor-gallery-item__overlay\"><\/div>\n\t\t\t\t\t\t\t\t\t\t\t\t\t\t\t<div class=\"elementor-gallery-item__content\">\n\t\t\t\t\t\t\t\t\t\t\t\t\t\t<div class=\"elementor-gallery-item__title\">\n\t\t\t\t\t\t\t\t\t\t\t\t\t\t\t\t\t\tM\u00e1rmore Rosa Val\u00eancia\t\t\t\t\t\t\t\t<\/div>\n\t\t\t\t\t\t\t\t\t\t\t\t<\/div>\n\t\t\t\t\t\t\t\t\t<\/a>\n\t\t\t\t\t\t\t<a class=\"e-gallery-item elementor-gallery-item elementor-animated-content\" data-e-gallery-tags=\"2\" href=\"https:\/\/tucuruvipedras.com.br\/wp-content\/uploads\/2025\/06\/Onix-Alabastro.jpg\" data-elementor-open-lightbox=\"yes\" data-elementor-lightbox-slideshow=\"5727871f\" data-elementor-lightbox-title=\"\u00d4nix Alabastro\" data-e-action-hash=\"#elementor-action%3Aaction%3Dlightbox%26settings%3DeyJpZCI6NTM3LCJ1cmwiOiJodHRwczpcL1wvdHVjdXJ1dmlwZWRyYXMuY29tLmJyXC93cC1jb250ZW50XC91cGxvYWRzXC8yMDI1XC8wNlwvT25peC1BbGFiYXN0cm8uanBnIiwic2xpZGVzaG93IjoiNTcyNzg3MWYifQ%3D%3D\">\n\t\t\t\t\t<div class=\"e-gallery-image elementor-gallery-item__image\" data-thumbnail=\"https:\/\/tucuruvipedras.com.br\/wp-content\/uploads\/2025\/06\/Onix-Alabastro.jpg\" data-width=\"600\" data-height=\"380\" aria-label=\"\" role=\"img\" ><\/div>\n\t\t\t\t\t\t\t\t\t\t\t<div class=\"elementor-gallery-item__overlay\"><\/div>\n\t\t\t\t\t\t\t\t\t\t\t\t\t\t\t<div class=\"elementor-gallery-item__content\">\n\t\t\t\t\t\t\t\t\t\t\t\t\t\t<div class=\"elementor-gallery-item__title\">\n\t\t\t\t\t\t\t\t\t\t\t\t\t\t\t\t\t\t\u00d4nix Alabastro\t\t\t\t\t\t\t\t<\/div>\n\t\t\t\t\t\t\t\t\t\t\t\t<\/div>\n\t\t\t\t\t\t\t\t\t<\/a>\n\t\t\t\t\t\t\t<a class=\"e-gallery-item elementor-gallery-item elementor-animated-content\" data-e-gallery-tags=\"3\" href=\"https:\/\/tucuruvipedras.com.br\/wp-content\/uploads\/2025\/06\/Onix-Mel.jpg\" data-elementor-open-lightbox=\"yes\" data-elementor-lightbox-slideshow=\"5727871f\" data-elementor-lightbox-title=\"\u00d4nix Mel\" data-e-action-hash=\"#elementor-action%3Aaction%3Dlightbox%26settings%3DeyJpZCI6NTM4LCJ1cmwiOiJodHRwczpcL1wvdHVjdXJ1dmlwZWRyYXMuY29tLmJyXC93cC1jb250ZW50XC91cGxvYWRzXC8yMDI1XC8wNlwvT25peC1NZWwuanBnIiwic2xpZGVzaG93IjoiNTcyNzg3MWYifQ%3D%3D\">\n\t\t\t\t\t<div class=\"e-gallery-image elementor-gallery-item__image\" data-thumbnail=\"https:\/\/tucuruvipedras.com.br\/wp-content\/uploads\/2025\/06\/Onix-Mel.jpg\" data-width=\"600\" data-height=\"380\" aria-label=\"\" role=\"img\" ><\/div>\n\t\t\t\t\t\t\t\t\t\t\t<div class=\"elementor-gallery-item__overlay\"><\/div>\n\t\t\t\t\t\t\t\t\t\t\t\t\t\t\t<div class=\"elementor-gallery-item__content\">\n\t\t\t\t\t\t\t\t\t\t\t\t\t\t<div class=\"elementor-gallery-item__title\">\n\t\t\t\t\t\t\t\t\t\t\t\t\t\t\t\t\t\t\u00d4nix Mel\t\t\t\t\t\t\t\t<\/div>\n\t\t\t\t\t\t\t\t\t\t\t\t<\/div>\n\t\t\t\t\t\t\t\t\t<\/a>\n\t\t\t\t\t\t\t<a class=\"e-gallery-item elementor-gallery-item elementor-animated-content\" data-e-gallery-tags=\"3\" href=\"https:\/\/tucuruvipedras.com.br\/wp-content\/uploads\/2025\/06\/Onix-Naranja.jpg\" data-elementor-open-lightbox=\"yes\" data-elementor-lightbox-slideshow=\"5727871f\" data-elementor-lightbox-title=\"\u00d4nix Naranja\" data-e-action-hash=\"#elementor-action%3Aaction%3Dlightbox%26settings%3DeyJpZCI6NTM5LCJ1cmwiOiJodHRwczpcL1wvdHVjdXJ1dmlwZWRyYXMuY29tLmJyXC93cC1jb250ZW50XC91cGxvYWRzXC8yMDI1XC8wNlwvT25peC1OYXJhbmphLmpwZyIsInNsaWRlc2hvdyI6IjU3Mjc4NzFmIn0%3D\">\n\t\t\t\t\t<div class=\"e-gallery-image elementor-gallery-item__image\" data-thumbnail=\"https:\/\/tucuruvipedras.com.br\/wp-content\/uploads\/2025\/06\/Onix-Naranja.jpg\" data-width=\"600\" data-height=\"380\" aria-label=\"\" role=\"img\" ><\/div>\n\t\t\t\t\t\t\t\t\t\t\t<div class=\"elementor-gallery-item__overlay\"><\/div>\n\t\t\t\t\t\t\t\t\t\t\t\t\t\t\t<div class=\"elementor-gallery-item__content\">\n\t\t\t\t\t\t\t\t\t\t\t\t\t\t<div class=\"elementor-gallery-item__title\">\n\t\t\t\t\t\t\t\t\t\t\t\t\t\t\t\t\t\t\u00d4nix Naranja\t\t\t\t\t\t\t\t<\/div>\n\t\t\t\t\t\t\t\t\t\t\t\t<\/div>\n\t\t\t\t\t\t\t\t\t<\/a>\n\t\t\t\t\t\t\t<a class=\"e-gallery-item elementor-gallery-item elementor-animated-content\" data-e-gallery-tags=\"3\" href=\"https:\/\/tucuruvipedras.com.br\/wp-content\/uploads\/2025\/06\/Onix-White.jpg\" data-elementor-open-lightbox=\"yes\" data-elementor-lightbox-slideshow=\"5727871f\" data-elementor-lightbox-title=\"\u00d4nix White\" data-e-action-hash=\"#elementor-action%3Aaction%3Dlightbox%26settings%3DeyJpZCI6NTQwLCJ1cmwiOiJodHRwczpcL1wvdHVjdXJ1dmlwZWRyYXMuY29tLmJyXC93cC1jb250ZW50XC91cGxvYWRzXC8yMDI1XC8wNlwvT25peC1XaGl0ZS5qcGciLCJzbGlkZXNob3ciOiI1NzI3ODcxZiJ9\">\n\t\t\t\t\t<div class=\"e-gallery-image elementor-gallery-item__image\" data-thumbnail=\"https:\/\/tucuruvipedras.com.br\/wp-content\/uploads\/2025\/06\/Onix-White.jpg\" data-width=\"600\" data-height=\"380\" aria-label=\"\" role=\"img\" ><\/div>\n\t\t\t\t\t\t\t\t\t\t\t<div class=\"elementor-gallery-item__overlay\"><\/div>\n\t\t\t\t\t\t\t\t\t\t\t\t\t\t\t<div class=\"elementor-gallery-item__content\">\n\t\t\t\t\t\t\t\t\t\t\t\t\t\t<div class=\"elementor-gallery-item__title\">\n\t\t\t\t\t\t\t\t\t\t\t\t\t\t\t\t\t\t\u00d4nix White\t\t\t\t\t\t\t\t<\/div>\n\t\t\t\t\t\t\t\t\t\t\t\t<\/div>\n\t\t\t\t\t\t\t\t\t<\/a>\n\t\t\t\t\t<\/div>\n\t\t\t\t\t<\/div>\n\t\t\t\t<\/div>\n\t\t\t\t\t<\/div>\n\t\t<\/div>\n\t\t\t\t\t<\/div>\n\t\t<\/section>\n\t\t\t\t<\/div>\n\t\t","protected":false},"excerpt":{"rendered":"<p>Projetos Entre em contato (11) 94008-6210 Todos Projeto Verona Cole\u00e7\u00e3o Toscana Resid\u00eancia Olimpo Linha Imperial M\u00e1rmore Amarillo Mares M\u00e1rmore Coralito M\u00e1rmore Crema Val\u00eancia M\u00e1rmore Fendi Macchiaro M\u00e1rmore Giallo Siena M\u00e1rmore Green Lepanto M\u00e1rmore Marrom Imperial Light M\u00e1rmore Rosa Val\u00eancia \u00d4nix Alabastro \u00d4nix Mel \u00d4nix Naranja \u00d4nix White<\/p>\n","protected":false},"author":1,"featured_media":0,"parent":0,"menu_order":0,"comment_status":"closed","ping_status":"closed","template":"elementor_canvas","meta":{"_joinchat":[],"footnotes":""},"class_list":["post-299","page","type-page","status-publish","hentry"],"_links":{"self":[{"href":"https:\/\/tucuruvipedras.com.br\/index.php\/wp-json\/wp\/v2\/pages\/299","targetHints":{"allow":["GET"]}}],"collection":[{"href":"https:\/\/tucuruvipedras.com.br\/index.php\/wp-json\/wp\/v2\/pages"}],"about":[{"href":"https:\/\/tucuruvipedras.com.br\/index.php\/wp-json\/wp\/v2\/types\/page"}],"author":[{"embeddable":true,"href":"https:\/\/tucuruvipedras.com.br\/index.php\/wp-json\/wp\/v2\/users\/1"}],"replies":[{"embeddable":true,"href":"https:\/\/tucuruvipedras.com.br\/index.php\/wp-json\/wp\/v2\/comments?post=299"}],"version-history":[{"count":25,"href":"https:\/\/tucuruvipedras.com.br\/index.php\/wp-json\/wp\/v2\/pages\/299\/revisions"}],"predecessor-version":[{"id":634,"href":"https:\/\/tucuruvipedras.com.br\/index.php\/wp-json\/wp\/v2\/pages\/299\/revisions\/634"}],"wp:attachment":[{"href":"https:\/\/tucuruvipedras.com.br\/index.php\/wp-json\/wp\/v2\/media?parent=299"}],"curies":[{"name":"wp","href":"https:\/\/api.w.org\/{rel}","templated":true}]}}