{"id":107,"date":"2025-06-20T16:40:05","date_gmt":"2025-06-20T16:40:05","guid":{"rendered":"https:\/\/ligadonanet.com.br\/tucuruvipedras\/?page_id=107"},"modified":"2025-06-30T13:49:20","modified_gmt":"2025-06-30T13:49:20","slug":"servicos","status":"publish","type":"page","link":"https:\/\/tucuruvipedras.com.br\/index.php\/servicos\/","title":{"rendered":"Servi\u00e7os"},"content":{"rendered":"\t\t<div data-elementor-type=\"wp-page\" data-elementor-id=\"107\" class=\"elementor elementor-107\" data-elementor-post-type=\"page\">\n\t\t\t\t<div class=\"elementor-element elementor-element-069b8e2 e-con-full e-flex wpr-particle-no wpr-jarallax-no wpr-parallax-no wpr-sticky-section-no e-con e-parent\" data-id=\"069b8e2\" data-element_type=\"container\">\n\t\t\t\t<div class=\"elementor-element elementor-element-8dc7795 elementor-widget__width-inherit wpr-adv-slider-columns-1 wpr-adv-slider-columns--tablet1 wpr-adv-slider-columns--mobile1 wpr-adv-slides-to-scroll-1 wpr-slider-dots-horizontal elementor-widget elementor-widget-wpr-advanced-slider\" data-id=\"8dc7795\" data-element_type=\"widget\" data-settings=\"{&quot;slider_amount&quot;:1,&quot;slider_amount_tablet&quot;:1,&quot;slider_amount_mobile&quot;:1,&quot;slides_to_scroll&quot;:1,&quot;slider_loop&quot;:&quot;yes&quot;,&quot;slider_hide_video_content&quot;:&quot;yes&quot;,&quot;slider_video_btn_size&quot;:&quot;medium&quot;}\" data-widget_type=\"wpr-advanced-slider.default\">\n\t\t\t\t<div class=\"elementor-widget-container\">\n\t\t\t\t\t\n\t\t<!-- Advanced Slider -->\n\t\t<div class=\"wpr-advanced-slider-wrap\">\n\t\t\t\n\t\t\t<div class=\"wpr-advanced-slider\" dir=\"ltr\" data-slick=\"{&quot;rtl&quot;:false,&quot;infinite&quot;:true,&quot;speed&quot;:700,&quot;arrows&quot;:true,&quot;dots&quot;:true,&quot;autoplay&quot;:false,&quot;autoplaySpeed&quot;:1000,&quot;pauseOnHover&quot;:&quot;&quot;,&quot;prevArrow&quot;:&quot;#wpr-slider-prev-8dc7795&quot;,&quot;nextArrow&quot;:&quot;#wpr-slider-next-8dc7795&quot;,&quot;vertical&quot;:false,&quot;adaptiveHeight&quot;:true}\" data-hide-video-content=\"yes\" data-video-btn-size=\"{&quot;widescreen&quot;:&quot;medium&quot;,&quot;desktop&quot;:&quot;medium&quot;,&quot;laptop&quot;:&quot;medium&quot;,&quot;tablet_extra&quot;:&quot;medium&quot;,&quot;tablet&quot;:&quot;medium&quot;,&quot;mobile_extra&quot;:&quot;medium&quot;,&quot;mobile&quot;:&quot;medium&quot;}\" data-slide-effect=\"slide\">\n\t\t\t\t<div class=\"wpr-slider-item elementor-repeater-item-a66c298\"><div class=\"wpr-slider-item-bg \" style=\"background-image: url(https:\/\/tucuruvipedras.com.br\/wp-content\/uploads\/2025\/06\/marmoresegranitos2.jpg)\"><\/div><div class=\"wpr-slider-item-overlay\"><\/div><div class=\"wpr-cv-container\"><div class=\"wpr-cv-outer\"><div class=\"wpr-cv-inner\"><div class=\"wpr-slider-content\"><div class=\"wpr-slider-title\"><h2>Solu\u00e7\u00f5es completas em pedras ornamentais<\/h2><\/div><div class=\"wpr-slider-description\"><p>Da escolha do material ao acabamento final, cuidamos de cada etapa com excel\u00eancia e precis\u00e3o.<\/p><\/div><div class=\"wpr-slider-btns\"><\/div><\/div><\/div><\/div><\/div><\/div>\t\t\t<\/div>\n\t\t\t<div class=\"wpr-slider-controls\">\n\t\t\t\t<div class=\"wpr-slider-dots\"><\/div>\n\t\t\t<\/div>\n\n\t\t\t<div class=\"wpr-slider-arrow-container\">\n\t\t\t\t<div class=\"wpr-slider-prev-arrow wpr-slider-arrow\" id=\"wpr-slider-prev-8dc7795\">\n\t\t\t\t\t\t\t\t\t<\/div>\n\t\t\t\t<div class=\"wpr-slider-next-arrow wpr-slider-arrow\" id=\"wpr-slider-next-8dc7795\">\n\t\t\t\t\t\t\t\t\t<\/div>\n\t\t\t<\/div>\n\t\t\t\n\t\t\t\n\t\t<\/div>\n\t\t\t\t\t\t<\/div>\n\t\t\t\t<\/div>\n\t\t\t\t<\/div>\n\t\t<div class=\"elementor-element elementor-element-116f202 e-flex e-con-boxed wpr-particle-no wpr-jarallax-no wpr-parallax-no wpr-sticky-section-no e-con e-parent\" data-id=\"116f202\" data-element_type=\"container\">\n\t\t\t\t\t<div class=\"e-con-inner\">\n\t\t<div class=\"elementor-element elementor-element-de58933 e-con-full e-flex wpr-particle-no wpr-jarallax-no wpr-parallax-no wpr-sticky-section-no e-con e-child\" data-id=\"de58933\" data-element_type=\"container\">\n\t\t\t\t<div class=\"elementor-element elementor-element-b220a80 ekit-equal-height-disable elementor-widget elementor-widget-elementskit-image-box\" data-id=\"b220a80\" data-element_type=\"widget\" data-widget_type=\"elementskit-image-box.default\">\n\t\t\t\t<div class=\"elementor-widget-container\">\n\t\t\t\t\t<div class=\"ekit-wid-con\" >\n            <div class=\"elementskit-info-image-box ekit-image-box text-left simple-card\" >\n\n                \n                <div class=\"elementskit-box-header image-box-img-left\">\n\n                    <img fetchpriority=\"high\" decoding=\"async\" width=\"2560\" height=\"2560\" src=\"https:\/\/tucuruvipedras.com.br\/wp-content\/uploads\/2025\/06\/fundo-de-brilho-lindo-com-estilo-de-natal-scaled.jpg\" class=\"attachment-full size-full wp-image-511\" alt=\"\" srcset=\"https:\/\/tucuruvipedras.com.br\/wp-content\/uploads\/2025\/06\/fundo-de-brilho-lindo-com-estilo-de-natal-scaled.jpg 2560w, https:\/\/tucuruvipedras.com.br\/wp-content\/uploads\/2025\/06\/fundo-de-brilho-lindo-com-estilo-de-natal-300x300.jpg 300w, https:\/\/tucuruvipedras.com.br\/wp-content\/uploads\/2025\/06\/fundo-de-brilho-lindo-com-estilo-de-natal-1024x1024.jpg 1024w, https:\/\/tucuruvipedras.com.br\/wp-content\/uploads\/2025\/06\/fundo-de-brilho-lindo-com-estilo-de-natal-150x150.jpg 150w, https:\/\/tucuruvipedras.com.br\/wp-content\/uploads\/2025\/06\/fundo-de-brilho-lindo-com-estilo-de-natal-768x768.jpg 768w, https:\/\/tucuruvipedras.com.br\/wp-content\/uploads\/2025\/06\/fundo-de-brilho-lindo-com-estilo-de-natal-1536x1536.jpg 1536w, https:\/\/tucuruvipedras.com.br\/wp-content\/uploads\/2025\/06\/fundo-de-brilho-lindo-com-estilo-de-natal-2048x2048.jpg 2048w\" sizes=\"(max-width: 2560px) 100vw, 2560px\" \/>\n                <\/div>\n                \n                <div class=\"elementskit-box-body ekit-image-box-body\">\n                    <div class=\"elementskit-box-content ekit-image-box-body-inner\">\n                                                <h3 class=\"elementskit-info-box-title\">\n\n                        Fornecimento de Granitos, M\u00e1rmores e Quartzos\n                        \n                    <\/h3>\n                                                            <div class=\"elementskit-box-style-content\">\n                        Variedade de granitos, m\u00e1rmores e quartzos com qualidade e pronta entrega para todos os tipos de projeto.\n\n                    <\/div>\n                                    <\/div>\n\n                                <div class=\"elementskit-box-footer\">\n                    <div class=\"box-footer\">\n                        <div class=\"btn-wraper\">\n                                                            <a href=\"https:\/\/wa.me\/5511940086210\" class=\"elementskit-btn whitespace--normal\">\n                                    \n                                    \n                                    Entre em Contato                                <\/a>\n                                                        <\/div>\n                    <\/div>\n                <\/div>\n                            <\/div>\n            <\/div>\n    <\/div>\t\t\t\t<\/div>\n\t\t\t\t<\/div>\n\t\t\t\t<\/div>\n\t\t<div class=\"elementor-element elementor-element-9b9cf2a e-con-full e-flex wpr-particle-no wpr-jarallax-no wpr-parallax-no wpr-sticky-section-no e-con e-child\" data-id=\"9b9cf2a\" data-element_type=\"container\">\n\t\t\t\t<div class=\"elementor-element elementor-element-ee032d8 ekit-equal-height-disable elementor-widget elementor-widget-elementskit-image-box\" data-id=\"ee032d8\" data-element_type=\"widget\" data-widget_type=\"elementskit-image-box.default\">\n\t\t\t\t<div class=\"elementor-widget-container\">\n\t\t\t\t\t<div class=\"ekit-wid-con\" >\n            <div class=\"elementskit-info-image-box ekit-image-box text-center simple-card\" >\n\n                \n                <div class=\"elementskit-box-header image-box-img-center\">\n\n                    <img decoding=\"async\" width=\"2560\" height=\"2560\" src=\"https:\/\/tucuruvipedras.com.br\/wp-content\/uploads\/2025\/06\/carpinteiro-usando-lapis-e-medida-fita-ligado-madeira-scaled.jpg\" class=\"attachment-full size-full wp-image-510\" alt=\"\" srcset=\"https:\/\/tucuruvipedras.com.br\/wp-content\/uploads\/2025\/06\/carpinteiro-usando-lapis-e-medida-fita-ligado-madeira-scaled.jpg 2560w, https:\/\/tucuruvipedras.com.br\/wp-content\/uploads\/2025\/06\/carpinteiro-usando-lapis-e-medida-fita-ligado-madeira-300x300.jpg 300w, https:\/\/tucuruvipedras.com.br\/wp-content\/uploads\/2025\/06\/carpinteiro-usando-lapis-e-medida-fita-ligado-madeira-1024x1024.jpg 1024w, https:\/\/tucuruvipedras.com.br\/wp-content\/uploads\/2025\/06\/carpinteiro-usando-lapis-e-medida-fita-ligado-madeira-150x150.jpg 150w, https:\/\/tucuruvipedras.com.br\/wp-content\/uploads\/2025\/06\/carpinteiro-usando-lapis-e-medida-fita-ligado-madeira-768x768.jpg 768w, https:\/\/tucuruvipedras.com.br\/wp-content\/uploads\/2025\/06\/carpinteiro-usando-lapis-e-medida-fita-ligado-madeira-1536x1536.jpg 1536w, https:\/\/tucuruvipedras.com.br\/wp-content\/uploads\/2025\/06\/carpinteiro-usando-lapis-e-medida-fita-ligado-madeira-2048x2048.jpg 2048w\" sizes=\"(max-width: 2560px) 100vw, 2560px\" \/>\n                <\/div>\n                \n                <div class=\"elementskit-box-body ekit-image-box-body\">\n                    <div class=\"elementskit-box-content ekit-image-box-body-inner\">\n                                                <h3 class=\"elementskit-info-box-title\">\n\n                        Corte e Acabamento Sob Medida\n                        \n                    <\/h3>\n                                                            <div class=\"elementskit-box-style-content\">\n                        Realizamos cortes precisos e acabamentos sob medida, com alto padr\u00e3o e tecnologia de ponta em cada pe\u00e7a.\n\n                    <\/div>\n                                    <\/div>\n\n                                <div class=\"elementskit-box-footer\">\n                    <div class=\"box-footer\">\n                        <div class=\"btn-wraper\">\n                                                            <a href=\"https:\/\/wa.me\/5511940086210\" class=\"elementskit-btn whitespace--normal\">\n                                    \n                                    \n                                    Entre em Contato                                <\/a>\n                                                        <\/div>\n                    <\/div>\n                <\/div>\n                            <\/div>\n            <\/div>\n    <\/div>\t\t\t\t<\/div>\n\t\t\t\t<\/div>\n\t\t\t\t<\/div>\n\t\t<div class=\"elementor-element elementor-element-a1a4356 e-con-full e-flex wpr-particle-no wpr-jarallax-no wpr-parallax-no wpr-sticky-section-no e-con e-child\" data-id=\"a1a4356\" data-element_type=\"container\">\n\t\t\t\t<div class=\"elementor-element elementor-element-8cece75 ekit-equal-height-disable elementor-widget elementor-widget-elementskit-image-box\" data-id=\"8cece75\" data-element_type=\"widget\" data-widget_type=\"elementskit-image-box.default\">\n\t\t\t\t<div class=\"elementor-widget-container\">\n\t\t\t\t\t<div class=\"ekit-wid-con\" >\n            <div class=\"elementskit-info-image-box ekit-image-box text-center simple-card\" >\n\n                \n                <div class=\"elementskit-box-header image-box-img-center\">\n\n                    <img decoding=\"async\" width=\"2560\" height=\"2560\" src=\"https:\/\/tucuruvipedras.com.br\/wp-content\/uploads\/2025\/06\/secao-mid-vista-de-dois-homem-negocios-com-pasta-e-area-de-transferencia-scaled.jpg\" class=\"attachment-full size-full wp-image-509\" alt=\"\" srcset=\"https:\/\/tucuruvipedras.com.br\/wp-content\/uploads\/2025\/06\/secao-mid-vista-de-dois-homem-negocios-com-pasta-e-area-de-transferencia-scaled.jpg 2560w, https:\/\/tucuruvipedras.com.br\/wp-content\/uploads\/2025\/06\/secao-mid-vista-de-dois-homem-negocios-com-pasta-e-area-de-transferencia-300x300.jpg 300w, https:\/\/tucuruvipedras.com.br\/wp-content\/uploads\/2025\/06\/secao-mid-vista-de-dois-homem-negocios-com-pasta-e-area-de-transferencia-1024x1024.jpg 1024w, https:\/\/tucuruvipedras.com.br\/wp-content\/uploads\/2025\/06\/secao-mid-vista-de-dois-homem-negocios-com-pasta-e-area-de-transferencia-150x150.jpg 150w, https:\/\/tucuruvipedras.com.br\/wp-content\/uploads\/2025\/06\/secao-mid-vista-de-dois-homem-negocios-com-pasta-e-area-de-transferencia-768x768.jpg 768w, https:\/\/tucuruvipedras.com.br\/wp-content\/uploads\/2025\/06\/secao-mid-vista-de-dois-homem-negocios-com-pasta-e-area-de-transferencia-1536x1536.jpg 1536w, https:\/\/tucuruvipedras.com.br\/wp-content\/uploads\/2025\/06\/secao-mid-vista-de-dois-homem-negocios-com-pasta-e-area-de-transferencia-2048x2048.jpg 2048w\" sizes=\"(max-width: 2560px) 100vw, 2560px\" \/>\n                <\/div>\n                \n                <div class=\"elementskit-box-body ekit-image-box-body\">\n                    <div class=\"elementskit-box-content ekit-image-box-body-inner\">\n                                                <h3 class=\"elementskit-info-box-title\">\n\n                        Consultoria T\u00e9cnica para Escolha de Materiais\n                        \n                    <\/h3>\n                                                            <div class=\"elementskit-box-style-content\">\n                        Ajudamos voc\u00ea a escolher a pedra ideal com base no estilo do ambiente, tipo de uso e durabilidade desejada.                    <\/div>\n                                    <\/div>\n\n                                <div class=\"elementskit-box-footer\">\n                    <div class=\"box-footer\">\n                        <div class=\"btn-wraper\">\n                                                            <a href=\"https:\/\/wa.me\/5511940086210\" class=\"elementskit-btn whitespace--normal\">\n                                    \n                                    \n                                    Entre em Contato                                <\/a>\n                                                        <\/div>\n                    <\/div>\n                <\/div>\n                            <\/div>\n            <\/div>\n    <\/div>\t\t\t\t<\/div>\n\t\t\t\t<\/div>\n\t\t\t\t<\/div>\n\t\t<div class=\"elementor-element elementor-element-9454333 e-con-full e-flex wpr-particle-no wpr-jarallax-no wpr-parallax-no wpr-sticky-section-no e-con e-child\" data-id=\"9454333\" data-element_type=\"container\">\n\t\t\t\t<div class=\"elementor-element elementor-element-3223e77 ekit-equal-height-disable elementor-widget elementor-widget-elementskit-image-box\" data-id=\"3223e77\" data-element_type=\"widget\" data-widget_type=\"elementskit-image-box.default\">\n\t\t\t\t<div class=\"elementor-widget-container\">\n\t\t\t\t\t<div class=\"ekit-wid-con\" >\n            <div class=\"elementskit-info-image-box ekit-image-box text-center simple-card\" >\n\n                \n                <div class=\"elementskit-box-header image-box-img-center\">\n\n                    <img loading=\"lazy\" decoding=\"async\" width=\"2560\" height=\"2560\" src=\"https:\/\/tucuruvipedras.com.br\/wp-content\/uploads\/2025\/06\/arquiteto-e-cliente-mao-tremendo-scaled.jpg\" class=\"attachment-full size-full wp-image-514\" alt=\"\" srcset=\"https:\/\/tucuruvipedras.com.br\/wp-content\/uploads\/2025\/06\/arquiteto-e-cliente-mao-tremendo-scaled.jpg 2560w, https:\/\/tucuruvipedras.com.br\/wp-content\/uploads\/2025\/06\/arquiteto-e-cliente-mao-tremendo-300x300.jpg 300w, https:\/\/tucuruvipedras.com.br\/wp-content\/uploads\/2025\/06\/arquiteto-e-cliente-mao-tremendo-1024x1024.jpg 1024w, https:\/\/tucuruvipedras.com.br\/wp-content\/uploads\/2025\/06\/arquiteto-e-cliente-mao-tremendo-150x150.jpg 150w, https:\/\/tucuruvipedras.com.br\/wp-content\/uploads\/2025\/06\/arquiteto-e-cliente-mao-tremendo-768x768.jpg 768w, https:\/\/tucuruvipedras.com.br\/wp-content\/uploads\/2025\/06\/arquiteto-e-cliente-mao-tremendo-1536x1536.jpg 1536w, https:\/\/tucuruvipedras.com.br\/wp-content\/uploads\/2025\/06\/arquiteto-e-cliente-mao-tremendo-2048x2048.jpg 2048w\" sizes=\"(max-width: 2560px) 100vw, 2560px\" \/>\n                <\/div>\n                \n                <div class=\"elementskit-box-body ekit-image-box-body\">\n                    <div class=\"elementskit-box-content ekit-image-box-body-inner\">\n                                                <h3 class=\"elementskit-info-box-title\">\n\n                        Instala\u00e7\u00e3o em Parceria com Profissionais Qualificados\n                        \n                    <\/h3>\n                                                            <div class=\"elementskit-box-style-content\">\n                        Oferecemos suporte para instala\u00e7\u00e3o com equipes parceiras treinadas, garantindo agilidade e seguran\u00e7a na aplica\u00e7\u00e3o dos materiais.                    <\/div>\n                                    <\/div>\n\n                                <div class=\"elementskit-box-footer\">\n                    <div class=\"box-footer\">\n                        <div class=\"btn-wraper\">\n                                                            <a href=\"https:\/\/wa.me\/5511940086210\" class=\"elementskit-btn whitespace--normal\">\n                                    \n                                    \n                                    Entre em Contato                                <\/a>\n                                                        <\/div>\n                    <\/div>\n                <\/div>\n                            <\/div>\n            <\/div>\n    <\/div>\t\t\t\t<\/div>\n\t\t\t\t<\/div>\n\t\t\t\t<\/div>\n\t\t<div class=\"elementor-element elementor-element-d5ec6a5 e-con-full e-flex wpr-particle-no wpr-jarallax-no wpr-parallax-no wpr-sticky-section-no e-con e-child\" data-id=\"d5ec6a5\" data-element_type=\"container\">\n\t\t\t\t<div class=\"elementor-element elementor-element-73077c0 ekit-equal-height-disable elementor-widget elementor-widget-elementskit-image-box\" data-id=\"73077c0\" data-element_type=\"widget\" data-widget_type=\"elementskit-image-box.default\">\n\t\t\t\t<div class=\"elementor-widget-container\">\n\t\t\t\t\t<div class=\"ekit-wid-con\" >\n            <div class=\"elementskit-info-image-box ekit-image-box text-center simple-card\" >\n\n                \n                <div class=\"elementskit-box-header image-box-img-center\">\n\n                    <img loading=\"lazy\" decoding=\"async\" width=\"2000\" height=\"2000\" src=\"https:\/\/tucuruvipedras.com.br\/wp-content\/uploads\/2025\/06\/5526894.jpg\" class=\"attachment-full size-full wp-image-513\" alt=\"\" srcset=\"https:\/\/tucuruvipedras.com.br\/wp-content\/uploads\/2025\/06\/5526894.jpg 2000w, https:\/\/tucuruvipedras.com.br\/wp-content\/uploads\/2025\/06\/5526894-300x300.jpg 300w, https:\/\/tucuruvipedras.com.br\/wp-content\/uploads\/2025\/06\/5526894-1024x1024.jpg 1024w, https:\/\/tucuruvipedras.com.br\/wp-content\/uploads\/2025\/06\/5526894-150x150.jpg 150w, https:\/\/tucuruvipedras.com.br\/wp-content\/uploads\/2025\/06\/5526894-768x768.jpg 768w, https:\/\/tucuruvipedras.com.br\/wp-content\/uploads\/2025\/06\/5526894-1536x1536.jpg 1536w\" sizes=\"(max-width: 2000px) 100vw, 2000px\" \/>\n                <\/div>\n                \n                <div class=\"elementskit-box-body ekit-image-box-body\">\n                    <div class=\"elementskit-box-content ekit-image-box-body-inner\">\n                                                <h3 class=\"elementskit-info-box-title\">\n\n                        Reposi\u00e7\u00e3o e Restaura\u00e7\u00e3o de Pe\u00e7as\n                        \n                    <\/h3>\n                                                            <div class=\"elementskit-box-style-content\">\n                        Realizamos reposi\u00e7\u00e3o ou restaura\u00e7\u00e3o de pe\u00e7as antigas, mantendo o padr\u00e3o de qualidade original com total fidelidade.                    <\/div>\n                                    <\/div>\n\n                                <div class=\"elementskit-box-footer\">\n                    <div class=\"box-footer\">\n                        <div class=\"btn-wraper\">\n                                                            <a href=\"https:\/\/wa.me\/5511940086210\" class=\"elementskit-btn whitespace--normal\">\n                                    \n                                    \n                                    Entre em Contato                                <\/a>\n                                                        <\/div>\n                    <\/div>\n                <\/div>\n                            <\/div>\n            <\/div>\n    <\/div>\t\t\t\t<\/div>\n\t\t\t\t<\/div>\n\t\t\t\t<\/div>\n\t\t\t\t\t<\/div>\n\t\t\t\t<\/div>\n\t\t\t\t<\/div>\n\t\t","protected":false},"excerpt":{"rendered":"<p>Solu\u00e7\u00f5es completas em pedras ornamentais Da escolha do material ao acabamento final, cuidamos de cada etapa com excel\u00eancia e precis\u00e3o. Fornecimento de Granitos, M\u00e1rmores e Quartzos Variedade de granitos, m\u00e1rmores e quartzos com qualidade e pronta entrega para todos os tipos de projeto. Entre em Contato Corte e Acabamento Sob Medida Realizamos cortes precisos e acabamentos sob medida, com alto padr\u00e3o e tecnologia de ponta em cada pe\u00e7a. Entre em Contato Consultoria T\u00e9cnica para Escolha de Materiais Ajudamos voc\u00ea a escolher a pedra ideal com base no estilo do ambiente, tipo de uso e durabilidade desejada. Entre em Contato Instala\u00e7\u00e3o em Parceria com Profissionais Qualificados Oferecemos suporte para instala\u00e7\u00e3o com equipes parceiras treinadas, garantindo agilidade e seguran\u00e7a na aplica\u00e7\u00e3o dos materiais. Entre em Contato Reposi\u00e7\u00e3o e Restaura\u00e7\u00e3o de Pe\u00e7as Realizamos reposi\u00e7\u00e3o ou restaura\u00e7\u00e3o de pe\u00e7as antigas, mantendo o padr\u00e3o de qualidade original com total fidelidade. Entre em Contato<\/p>\n","protected":false},"author":1,"featured_media":0,"parent":0,"menu_order":0,"comment_status":"closed","ping_status":"closed","template":"elementor_canvas","meta":{"_joinchat":[],"footnotes":""},"class_list":["post-107","page","type-page","status-publish","hentry"],"_links":{"self":[{"href":"https:\/\/tucuruvipedras.com.br\/index.php\/wp-json\/wp\/v2\/pages\/107","targetHints":{"allow":["GET"]}}],"collection":[{"href":"https:\/\/tucuruvipedras.com.br\/index.php\/wp-json\/wp\/v2\/pages"}],"about":[{"href":"https:\/\/tucuruvipedras.com.br\/index.php\/wp-json\/wp\/v2\/types\/page"}],"author":[{"embeddable":true,"href":"https:\/\/tucuruvipedras.com.br\/index.php\/wp-json\/wp\/v2\/users\/1"}],"replies":[{"embeddable":true,"href":"https:\/\/tucuruvipedras.com.br\/index.php\/wp-json\/wp\/v2\/comments?post=107"}],"version-history":[{"count":37,"href":"https:\/\/tucuruvipedras.com.br\/index.php\/wp-json\/wp\/v2\/pages\/107\/revisions"}],"predecessor-version":[{"id":638,"href":"https:\/\/tucuruvipedras.com.br\/index.php\/wp-json\/wp\/v2\/pages\/107\/revisions\/638"}],"wp:attachment":[{"href":"https:\/\/tucuruvipedras.com.br\/index.php\/wp-json\/wp\/v2\/media?parent=107"}],"curies":[{"name":"wp","href":"https:\/\/api.w.org\/{rel}","templated":true}]}}